{"id":481,"date":"2022-09-27T15:39:46","date_gmt":"2022-09-27T13:39:46","guid":{"rendered":"https:\/\/fajnietu.com.pl\/?page_id=481"},"modified":"2022-09-28T08:35:49","modified_gmt":"2022-09-28T06:35:49","slug":"okolica","status":"publish","type":"page","link":"https:\/\/fajnietu.com.pl\/index.php\/okolica\/","title":{"rendered":"Okolica"},"content":{"rendered":"<style>.elementor-481 .elementor-element.elementor-element-3a4711c{padding:50px 0px 50px 0px;transition:all 400ms;}.elementor-481 .elementor-element.elementor-element-c924176 > .elementor-element-populated{padding:20px 20px 20px 20px;}.elementor-481 .elementor-element.elementor-element-c924176{transition:all 400ms;}.elementor-481 .elementor-element.elementor-element-5f1f09b{transition:all 400ms;}.elementor-481 .elementor-element.elementor-element-797d41d{transition:all 400ms;}.elementor-481 .elementor-element.elementor-element-dc8c9c1{transition:all 400ms;}.elementor-481 .elementor-element.elementor-element-8ed5e31{padding:50px 0px 100px 0px;transition:all 400ms;}.elementor-481 .elementor-element.elementor-element-ca19cf2 > .elementor-element-populated{transition:background 0.3s, border 0.3s, border-radius 0.3s, box-shadow 0.3s;}.elementor-481 .elementor-element.elementor-element-ca19cf2 > .elementor-element-populated > .elementor-background-overlay{transition:background 0.3s, border-radius 0.3s, opacity 0.3s;}.elementor-481 .elementor-element.elementor-element-ca19cf2{transition:all 400ms;}.elementor-481 .elementor-element.elementor-element-3d8cc12{--spacer-size:251px;transition:all 400ms;}.elementor-481 .elementor-element.elementor-element-6c145fc > .elementor-element-populated{padding:20px 20px 20px 20px;}.elementor-481 .elementor-element.elementor-element-6c145fc{transition:all 400ms;}.elementor-481 .elementor-element.elementor-element-35050da{transition:all 400ms;}.elementor-481 .elementor-element.elementor-element-3c21a7f{transition:all 400ms;}.elementor-481 .elementor-element.elementor-element-3f5b0c2 > .elementor-widget-wrap > .elementor-widget:not(.elementor-widget__width-auto):not(.elementor-widget__width-initial):not(:last-child):not(.elementor-absolute){margin-bottom:0px;}.elementor-481 .elementor-element.elementor-element-3f5b0c2{transition:all 400ms;}.elementor-481 .elementor-element.elementor-element-02cb752{transition:all 400ms;}.elementor-481 .elementor-element.elementor-element-02cb752 iframe{height:330px;filter:brightness( 82% ) contrast( 98% ) saturate( 57% ) blur( 0px ) hue-rotate( 0deg );}<\/style>\t\t<div data-elementor-type=\"wp-page\" data-elementor-id=\"481\" class=\"elementor elementor-481\" data-elementor-post-type=\"page\">\n\t\t\t\t\t\t<section class=\"elementor-section elementor-top-section elementor-element elementor-element-3a4711c elementor-section-boxed elementor-section-height-default elementor-section-height-default\" data-id=\"3a4711c\" data-element_type=\"section\">\n\t\t\t\t\t\t<div class=\"elementor-container elementor-column-gap-default\">\n\t\t\t\t\t<div class=\"elementor-column elementor-col-50 elementor-top-column elementor-element elementor-element-c924176\" data-id=\"c924176\" data-element_type=\"column\">\n\t\t\t<div class=\"elementor-widget-wrap elementor-element-populated\">\n\t\t\t\t\t\t<div class=\"elementor-element elementor-element-5f1f09b de_scroll_animation_no elementor-widget elementor-widget-text-editor\" data-id=\"5f1f09b\" data-element_type=\"widget\" data-widget_type=\"text-editor.default\">\n\t\t\t\t<div class=\"elementor-widget-container\">\n\t\t\t\t\t\t\t\t\t<p><span class=\"il\">Fajnie<\/span>.<span class=\"il\">tu<\/span>\u00a0&#8211; niezwyk\u0142e miejsce po\u0142o\u017cone w malowniczej miejscowo\u015bci Ja\u015ble w gminie \u0141\u0105czna. Nasze domki s\u0105siaduj\u0105 z niewielkim, kameralnym zbiornikiem wodnym &#8222;zalew Ja\u015ble&#8221; zasilanym male\u0144k\u0105 rzeczk\u0105 &#8211; Ja\u015blana, woda jest bardzo czysta o czym \u015bwiadczy obecno\u015b\u0107 bobr\u00f3w i regularne wizyty \u0142ab\u0119dzi czy czapli. Jeste\u015bmy w odleg\u0142o\u015bci ok 30m od lustra wody, 10m od granicy lasu. Z taras\u00f3w roztacza si\u0119 cudowny widok na wod\u0119 zbiornika, lasy, pola lokalnych ma\u0142ych rolnik\u00f3w a przede wszystkim na pag\u00f3rki w otulinie \u015awi\u0119tokrzyskiego Parku Narodowego. Z drugiej strony mamy Lasy Suchedniowskie &#8211; jedne z najwi\u0119kszych las\u00f3w naszego wojew\u00f3dztwa z ogromem grzyb\u00f3w jesieni\u0105, jag\u00f3d latem a poza tym dzikie zwierz\u0119ta cz\u0119sto odwiedzaj\u0105ce \u0142\u0105k\u0119 obok nas &#8211; przy odrobinie szcz\u0119\u015bcia, wczesnym porankiem, mo\u017cemy je zaobserwowa\u0107 kilka metr\u00f3w od nas.\u00a0<\/p>\t\t\t\t\t\t\t\t<\/div>\n\t\t\t\t<\/div>\n\t\t\t\t\t<\/div>\n\t\t<\/div>\n\t\t\t\t<div class=\"elementor-column elementor-col-50 elementor-top-column elementor-element elementor-element-797d41d\" data-id=\"797d41d\" data-element_type=\"column\">\n\t\t\t<div class=\"elementor-widget-wrap elementor-element-populated\">\n\t\t\t\t\t\t<div class=\"elementor-element elementor-element-dc8c9c1 de_scroll_animation_no elementor-widget elementor-widget-image\" data-id=\"dc8c9c1\" data-element_type=\"widget\" data-widget_type=\"image.default\">\n\t\t\t\t<div class=\"elementor-widget-container\">\n\t\t\t\t\t\t\t\t\t\t\t\t\t\t\t<img fetchpriority=\"high\" decoding=\"async\" width=\"800\" height=\"450\" src=\"https:\/\/fajnietu.com.pl\/wp-content\/uploads\/2022\/09\/domki-z-gory-1024x576.jpg\" class=\"attachment-large size-large wp-image-350\" alt=\"\" srcset=\"https:\/\/fajnietu.com.pl\/wp-content\/uploads\/2022\/09\/domki-z-gory-1024x576.jpg 1024w, https:\/\/fajnietu.com.pl\/wp-content\/uploads\/2022\/09\/domki-z-gory-300x169.jpg 300w, https:\/\/fajnietu.com.pl\/wp-content\/uploads\/2022\/09\/domki-z-gory-768x432.jpg 768w, https:\/\/fajnietu.com.pl\/wp-content\/uploads\/2022\/09\/domki-z-gory-1536x864.jpg 1536w, https:\/\/fajnietu.com.pl\/wp-content\/uploads\/2022\/09\/domki-z-gory-2048x1152.jpg 2048w\" sizes=\"(max-width: 800px) 100vw, 800px\" \/>\t\t\t\t\t\t\t\t\t\t\t\t\t\t\t<\/div>\n\t\t\t\t<\/div>\n\t\t\t\t\t<\/div>\n\t\t<\/div>\n\t\t\t\t\t<\/div>\n\t\t<\/section>\n\t\t\t\t<section class=\"elementor-section elementor-top-section elementor-element elementor-element-8ed5e31 elementor-section-boxed elementor-section-height-default elementor-section-height-default\" data-id=\"8ed5e31\" data-element_type=\"section\">\n\t\t\t\t\t\t<div class=\"elementor-container elementor-column-gap-default\">\n\t\t\t\t\t<div class=\"elementor-column elementor-col-50 elementor-top-column elementor-element elementor-element-ca19cf2\" data-id=\"ca19cf2\" data-element_type=\"column\" data-settings=\"{&quot;background_background&quot;:&quot;slideshow&quot;,&quot;background_slideshow_gallery&quot;:[{&quot;id&quot;:498,&quot;url&quot;:&quot;https:\\\/\\\/fajnietu.com.pl\\\/wp-content\\\/uploads\\\/2022\\\/09\\\/289162320_134629602535002_3758079632716944455_n.jpg&quot;},{&quot;id&quot;:414,&quot;url&quot;:&quot;https:\\\/\\\/fajnietu.com.pl\\\/wp-content\\\/uploads\\\/2022\\\/09\\\/12brzeg-wody-scaled.jpg&quot;},{&quot;id&quot;:530,&quot;url&quot;:&quot;https:\\\/\\\/fajnietu.com.pl\\\/wp-content\\\/uploads\\\/2022\\\/09\\\/305757667_141529881909517_2382347334339756739_n.jpg&quot;},{&quot;id&quot;:529,&quot;url&quot;:&quot;https:\\\/\\\/fajnietu.com.pl\\\/wp-content\\\/uploads\\\/2022\\\/09\\\/305311936_139909922071513_5703970701829289589_n.jpg&quot;}],&quot;background_slideshow_ken_burns&quot;:&quot;yes&quot;,&quot;background_slideshow_loop&quot;:&quot;yes&quot;,&quot;background_slideshow_slide_duration&quot;:5000,&quot;background_slideshow_slide_transition&quot;:&quot;fade&quot;,&quot;background_slideshow_transition_duration&quot;:500,&quot;background_slideshow_ken_burns_zoom_direction&quot;:&quot;in&quot;}\">\n\t\t\t<div class=\"elementor-widget-wrap elementor-element-populated\">\n\t\t\t\t\t\t<div class=\"elementor-element elementor-element-3d8cc12 de_scroll_animation_no elementor-widget elementor-widget-spacer\" data-id=\"3d8cc12\" data-element_type=\"widget\" data-widget_type=\"spacer.default\">\n\t\t\t\t<div class=\"elementor-widget-container\">\n\t\t\t\t\t\t\t<div class=\"elementor-spacer\">\n\t\t\t<div class=\"elementor-spacer-inner\"><\/div>\n\t\t<\/div>\n\t\t\t\t\t\t<\/div>\n\t\t\t\t<\/div>\n\t\t\t\t\t<\/div>\n\t\t<\/div>\n\t\t\t\t<div class=\"elementor-column elementor-col-50 elementor-top-column elementor-element elementor-element-6c145fc\" data-id=\"6c145fc\" data-element_type=\"column\">\n\t\t\t<div class=\"elementor-widget-wrap elementor-element-populated\">\n\t\t\t\t\t\t<div class=\"elementor-element elementor-element-35050da de_scroll_animation_no elementor-widget elementor-widget-text-editor\" data-id=\"35050da\" data-element_type=\"widget\" data-widget_type=\"text-editor.default\">\n\t\t\t\t<div class=\"elementor-widget-container\">\n\t\t\t\t\t\t\t\t\t<p>W niedalekiej odleg\u0142o\u015bci mamy mn\u00f3stwo szlak\u00f3w pieszych i rowerowych (rowery dost\u0119pne u nas). Blisko nas D\u0105b Bartek, \u015awi\u0119tokrzyski Park Narodowy gdzie jest Puszcza Jod\u0142owa i oczywi\u015bcie najstarsze g\u00f3ry europy. 20 Km od nas Kielce z mn\u00f3stwem miejsc do zwiedzania, Suchedni\u00f3w z hotelem gdzie swoje pierwsze kroki literackie stawia\u0142 Herling Grudzi\u0144ski, do tego Bodzentyn z kameralnym rynkiem, zamkiem oraz stokiem narciarskim. Tych zreszt\u0105 wok\u00f3\u0142 nas jest co najmniej 6! Nie spos\u00f3b wymieni\u0107 tutaj wszystkie warte uwagi miejsca w okolicy dlatego przyjed\u017a i przekonaj si\u0119 osobi\u015bcie jak wiele nasz region ma do zaproponowania \ud83d\ude09\u00a0<\/p>\t\t\t\t\t\t\t\t<\/div>\n\t\t\t\t<\/div>\n\t\t\t\t\t<\/div>\n\t\t<\/div>\n\t\t\t\t\t<\/div>\n\t\t<\/section>\n\t\t\t\t<section class=\"elementor-section elementor-top-section elementor-element elementor-element-3c21a7f elementor-section-full_width elementor-section-height-default elementor-section-height-default\" data-id=\"3c21a7f\" data-element_type=\"section\">\n\t\t\t\t\t\t<div class=\"elementor-container elementor-column-gap-no\">\n\t\t\t\t\t<div class=\"elementor-column elementor-col-100 elementor-top-column elementor-element elementor-element-3f5b0c2\" data-id=\"3f5b0c2\" data-element_type=\"column\">\n\t\t\t<div class=\"elementor-widget-wrap elementor-element-populated\">\n\t\t\t\t\t\t<div class=\"elementor-element elementor-element-02cb752 de_scroll_animation_no elementor-widget elementor-widget-google_maps\" data-id=\"02cb752\" data-element_type=\"widget\" data-widget_type=\"google_maps.default\">\n\t\t\t\t<div class=\"elementor-widget-container\">\n\t\t\t\t\t\t\t<div class=\"elementor-custom-embed\">\n\t\t\t<iframe loading=\"lazy\"\n\t\t\t\t\tsrc=\"https:\/\/maps.google.com\/maps?q=Ja%C5%9Ble%202%2C%20%C5%81%C4%85czna&#038;t=m&#038;z=14&#038;output=embed&#038;iwloc=near\"\n\t\t\t\t\ttitle=\"Ja\u015ble 2, \u0141\u0105czna\"\n\t\t\t\t\taria-label=\"Ja\u015ble 2, \u0141\u0105czna\"\n\t\t\t><\/iframe>\n\t\t<\/div>\n\t\t\t\t\t\t<\/div>\n\t\t\t\t<\/div>\n\t\t\t\t\t<\/div>\n\t\t<\/div>\n\t\t\t\t\t<\/div>\n\t\t<\/section>\n\t\t\t\t<\/div>\n\t\t","protected":false},"excerpt":{"rendered":"<p>Fajnie.tu\u00a0&#8211; niezwyk\u0142e miejsce po\u0142o\u017cone w malowniczej miejscowo\u015bci Ja\u015ble w gminie \u0141\u0105czna. Nasze domki s\u0105siaduj\u0105 z niewielkim, kameralnym zbiornikiem wodnym &#8222;zalew Ja\u015ble&#8221; zasilanym male\u0144k\u0105 rzeczk\u0105 &#8211; Ja\u015blana, woda jest bardzo czysta o czym \u015bwiadczy obecno\u015b\u0107 bobr\u00f3w i regularne wizyty \u0142ab\u0119dzi czy czapli. Jeste\u015bmy w odleg\u0142o\u015bci ok 30m od lustra wody, 10m od granicy lasu. Z taras\u00f3w [&hellip;]<\/p>\n","protected":false},"author":1,"featured_media":0,"parent":0,"menu_order":0,"comment_status":"closed","ping_status":"closed","template":"","meta":{"footnotes":""},"class_list":["post-481","page","type-page","status-publish","hentry"],"_links":{"self":[{"href":"https:\/\/fajnietu.com.pl\/index.php\/wp-json\/wp\/v2\/pages\/481","targetHints":{"allow":["GET"]}}],"collection":[{"href":"https:\/\/fajnietu.com.pl\/index.php\/wp-json\/wp\/v2\/pages"}],"about":[{"href":"https:\/\/fajnietu.com.pl\/index.php\/wp-json\/wp\/v2\/types\/page"}],"author":[{"embeddable":true,"href":"https:\/\/fajnietu.com.pl\/index.php\/wp-json\/wp\/v2\/users\/1"}],"replies":[{"embeddable":true,"href":"https:\/\/fajnietu.com.pl\/index.php\/wp-json\/wp\/v2\/comments?post=481"}],"version-history":[{"count":19,"href":"https:\/\/fajnietu.com.pl\/index.php\/wp-json\/wp\/v2\/pages\/481\/revisions"}],"predecessor-version":[{"id":739,"href":"https:\/\/fajnietu.com.pl\/index.php\/wp-json\/wp\/v2\/pages\/481\/revisions\/739"}],"wp:attachment":[{"href":"https:\/\/fajnietu.com.pl\/index.php\/wp-json\/wp\/v2\/media?parent=481"}],"curies":[{"name":"wp","href":"https:\/\/api.w.org\/{rel}","templated":true}]}}